{"id":3616,"date":"2021-11-01T14:17:29","date_gmt":"2021-11-01T18:17:29","guid":{"rendered":"https:\/\/www.miniaturemedals.ca\/a-propos-de-nous\/"},"modified":"2025-12-16T17:01:56","modified_gmt":"2025-12-16T21:01:56","slug":"a-propos-de-nous","status":"publish","type":"page","link":"https:\/\/www.miniaturemedals.ca\/fr\/a-propos-de-nous\/","title":{"rendered":"\u00c0 propos de nous"},"content":{"rendered":"<p>[et_pb_section fb_built=\u00a0\u00bb1&Prime; admin_label=\u00a0\u00bbsection\u00a0\u00bb _builder_version=\u00a0\u00bb4.16&Prime; custom_padding=\u00a0\u00bb2px|||||\u00a0\u00bb global_colors_info=\u00a0\u00bb{}\u00a0\u00bb][et_pb_row _builder_version=\u00a0\u00bb4.16&Prime; _module_preset=\u00a0\u00bbdefault\u00a0\u00bb global_colors_info=\u00a0\u00bb{}\u00a0\u00bb][et_pb_column type=\u00a0\u00bb4_4&Prime; _builder_version=\u00a0\u00bb4.16&Prime; _module_preset=\u00a0\u00bbdefault\u00a0\u00bb global_colors_info=\u00a0\u00bb{}\u00a0\u00bb][et_pb_text _builder_version=\u00a0\u00bb4.16&Prime; _module_preset=\u00a0\u00bbdefault\u00a0\u00bb global_colors_info=\u00a0\u00bb{}\u00a0\u00bb]<\/p>\n<h1 style=\"text-align: center\"><strong>\u00c0 propos de nous<\/strong><\/h1>\n<p>[\/et_pb_text][\/et_pb_column][\/et_pb_row][et_pb_row admin_label=\u00a0\u00bbligne\u00a0\u00bb _builder_version=\u00a0\u00bb4.16&Prime; background_size=\u00a0\u00bbinitial\u00a0\u00bb background_position=\u00a0\u00bbtop_left\u00a0\u00bb background_repeat=\u00a0\u00bbrepeat\u00a0\u00bb global_colors_info=\u00a0\u00bb{}\u00a0\u00bb][et_pb_column type=\u00a0\u00bb4_4&Prime; _builder_version=\u00a0\u00bb4.16&Prime; custom_padding=\u00a0\u00bb|||\u00a0\u00bb global_colors_info=\u00a0\u00bb{}\u00a0\u00bb custom_padding__hover=\u00a0\u00bb|||\u00a0\u00bb][et_pb_text admin_label=\u00a0\u00bbText\u00a0\u00bb _builder_version=\u00a0\u00bb4.27.4&Prime; background_size=\u00a0\u00bbinitial\u00a0\u00bb background_position=\u00a0\u00bbtop_left\u00a0\u00bb background_repeat=\u00a0\u00bbrepeat\u00a0\u00bb hover_enabled=\u00a0\u00bb0&Prime; global_colors_info=\u00a0\u00bb{}\u00a0\u00bb sticky_enabled=\u00a0\u00bb0&Prime;]<\/p>\n<p><span><img loading=\"lazy\" decoding=\"async\" src=\"https:\/\/www.miniaturemedals.ca\/wp-content\/uploads\/2025\/12\/working-table-225x300.jpeg\" width=\"323\" height=\"431\" alt=\"\" class=\"wp-image-11498 alignnone size-medium\" style=\"float: right;\" \/>Martel&rsquo;s Medal Mounting Inc est fi\u00e8rement administr\u00e9 par Rob et Jody Martel. En tant que v\u00e9t\u00e9rans nous-m\u00eames, nous comprenons l&rsquo;importance d&rsquo;avoir vos m\u00e9dailles mont\u00e9es professionnellement et nous nous engageons \u00e0 fournir les meilleurs mat\u00e9riaux et fabrication. Nous sommes honor\u00e9s de monter vos m\u00e9dailles afin que vous puissiez les afficher avec fiert\u00e9.<\/span><\/p>\n<p><span>Chez Martel&rsquo;s Medal Mounting, nous croyons en l&rsquo;importance d&rsquo;un v\u00e9ritable service d&rsquo;excellence. Nous avons une approche stricte et m\u00e9thodique pour le montage des m\u00e9dailles et des pi\u00e8ces de reconnaissance des clients. Puisque nous sommes conscients que chaque m\u00e9daille est importante, nous les traitons avec le plus grand soin et le plus grand respect. C&rsquo;est la principale raison pour laquelle notre entreprise est la meilleure que d&rsquo;autres soci\u00e9t\u00e9s de montage de m\u00e9dailles. Nos services et capacit\u00e9s sont de premier ordre et vous ne serez pas d\u00e9\u00e7u du r\u00e9sultat.<\/span><\/p>\n<p><span>Le montage de m\u00e9daille Martel&rsquo;s Medal Mounting est la vraie solution \u00e0 vos besoins. \u00a0Nos clients comprennent des militaires canadiens actuellement en service et des anciens combattants, des services d&rsquo;urgence (police, incendie), des membres de la L\u00e9gion et des cadets; tous ceux qui ont servi leur pays avec fiert\u00e9 et honneur.<\/span><\/p>\n<p><span>Contactez Martel&rsquo;s Medal Mounting pour passer votre commande!<\/span><\/p>\n<p>[\/et_pb_text][\/et_pb_column][\/et_pb_row][\/et_pb_section]<\/p>\n","protected":false},"excerpt":{"rendered":"<p>\u00c0 propos de nousMartel&rsquo;s Medal Mounting Inc est fi\u00e8rement administr\u00e9 par Rob et Jody Martel. En tant que v\u00e9t\u00e9rans nous-m\u00eames, nous comprenons l&rsquo;importance d&rsquo;avoir vos m\u00e9dailles mont\u00e9es professionnellement et nous nous engageons \u00e0 fournir les meilleurs mat\u00e9riaux et fabrication. Nous sommes honor\u00e9s de monter vos m\u00e9dailles afin que vous puissiez les afficher avec fiert\u00e9. Chez [&hellip;]<\/p>\n","protected":false},"author":25,"featured_media":0,"parent":0,"menu_order":0,"comment_status":"closed","ping_status":"closed","template":"","meta":{"_et_pb_use_builder":"on","_et_pb_old_content":"","_et_gb_content_width":"","footnotes":""},"class_list":["post-3616","page","type-page","status-publish","hentry"],"_links":{"self":[{"href":"https:\/\/www.miniaturemedals.ca\/fr\/wp-json\/wp\/v2\/pages\/3616","targetHints":{"allow":["GET"]}}],"collection":[{"href":"https:\/\/www.miniaturemedals.ca\/fr\/wp-json\/wp\/v2\/pages"}],"about":[{"href":"https:\/\/www.miniaturemedals.ca\/fr\/wp-json\/wp\/v2\/types\/page"}],"author":[{"embeddable":true,"href":"https:\/\/www.miniaturemedals.ca\/fr\/wp-json\/wp\/v2\/users\/25"}],"replies":[{"embeddable":true,"href":"https:\/\/www.miniaturemedals.ca\/fr\/wp-json\/wp\/v2\/comments?post=3616"}],"version-history":[{"count":6,"href":"https:\/\/www.miniaturemedals.ca\/fr\/wp-json\/wp\/v2\/pages\/3616\/revisions"}],"predecessor-version":[{"id":11499,"href":"https:\/\/www.miniaturemedals.ca\/fr\/wp-json\/wp\/v2\/pages\/3616\/revisions\/11499"}],"wp:attachment":[{"href":"https:\/\/www.miniaturemedals.ca\/fr\/wp-json\/wp\/v2\/media?parent=3616"}],"curies":[{"name":"wp","href":"https:\/\/api.w.org\/{rel}","templated":true}]}}